{"id":105,"date":"2025-07-21T21:19:10","date_gmt":"2025-07-21T19:19:10","guid":{"rendered":"http:\/\/new.firmakosbud.pl\/?page_id=105"},"modified":"2025-09-30T12:05:47","modified_gmt":"2025-09-30T10:05:47","slug":"kontakt","status":"publish","type":"page","link":"http:\/\/firmakosbud.pl\/pl\/kontakt\/","title":{"rendered":"Kontakt"},"content":{"rendered":"<div class=\"kb-row-layout-wrap kb-row-layout-id105_a97bd6-5d alignfull has-theme-palette9-background-color kt-row-has-bg wp-block-kadence-rowlayout\"><div class=\"kt-row-column-wrap kt-has-1-columns kt-row-layout-equal kt-tab-layout-inherit kt-mobile-layout-row kt-row-valign-top kb-theme-content-width\">\n\n<div class=\"wp-block-kadence-column kadence-column105_785c53-1c\"><div class=\"kt-inside-inner-col\"><div class=\"kb-row-layout-wrap kb-row-layout-id105_7c652d-3d alignnone shadow wp-block-kadence-rowlayout\"><div class=\"kt-row-column-wrap kt-has-3-columns kt-row-layout-left-half kt-tab-layout-first-row kt-mobile-layout-row kt-row-valign-middle\">\n\n<div class=\"wp-block-kadence-column kadence-column105_fc7ac2-2c inner-column-2\"><div class=\"kt-inside-inner-col\">\n<div class=\"wp-block-kadence-infobox kt-info-box105_48ff37-ff display:flex;align-items:center;\"><div class=\"kt-blocks-info-box-link-wrap kt-blocks-info-box-media-align-top kt-info-halign-center\"><div class=\"kt-blocks-info-box-media-container\"><div class=\"kt-blocks-info-box-media kt-info-media-animate-none\"><div class=\"kadence-info-box-icon-container kt-info-icon-animate-none\"><div class=\"kadence-info-box-icon-inner-container\"><span class=\"kb-svg-icon-wrap kb-svg-icon-fe_map kt-info-svg-icon\"><svg viewBox=\"0 0 24 24\"  fill=\"none\" stroke=\"currentColor\" stroke-width=\"2\" stroke-linecap=\"round\" stroke-linejoin=\"round\" xmlns=\"http:\/\/www.w3.org\/2000\/svg\"  aria-hidden=\"true\"><polygon points=\"1 6 1 22 8 18 16 22 23 18 23 2 16 6 8 2 1 6\"\/><line x1=\"8\" y1=\"2\" x2=\"8\" y2=\"18\"\/><line x1=\"16\" y1=\"6\" x2=\"16\" y2=\"22\"\/><\/svg><\/span><\/div><\/div><\/div><\/div><div class=\"kt-infobox-textcontent\"><h6 class=\"kt-blocks-info-box-title\">Adres<\/h6><p class=\"kt-blocks-info-box-text\">KOSBUD MICHA\u0141 KOSMOWSKI <br>Sp\u00f3\u0142ka Komandytowa<br>U\u015bcikowo 58b<br>64-600 Oborniki<br>NIP:\u00a0 6060106679<br>REGON:\u00a0382982990<br>KRS: 0001154336<br><a href=\"mailto:biuro@kosbud.pl\">biuro@firmakosbud.pl<\/a><\/p><\/div><\/div><\/div>\n<\/div><\/div>\n\n\n\n<div class=\"wp-block-kadence-column kadence-column105_087780-82 inner-column-1\"><div class=\"kt-inside-inner-col\">\n<div class=\"wp-block-kadence-infobox kt-info-box105_0a8cad-de\"><div class=\"kt-blocks-info-box-link-wrap kt-blocks-info-box-media-align-top kt-info-halign-center\"><div class=\"kt-blocks-info-box-media-container\"><div class=\"kt-blocks-info-box-media kt-info-media-animate-none\"><div class=\"kadence-info-box-icon-container kt-info-icon-animate-none\"><div class=\"kadence-info-box-icon-inner-container\"><span class=\"kb-svg-icon-wrap kb-svg-icon-fe_mail kt-info-svg-icon\"><svg viewBox=\"0 0 24 24\"  fill=\"none\" stroke=\"currentColor\" stroke-width=\"2\" stroke-linecap=\"round\" stroke-linejoin=\"round\" xmlns=\"http:\/\/www.w3.org\/2000\/svg\"  aria-hidden=\"true\"><path d=\"M4 4h16c1.1 0 2 .9 2 2v12c0 1.1-.9 2-2 2H4c-1.1 0-2-.9-2-2V6c0-1.1.9-2 2-2z\"\/><polyline points=\"22,6 12,13 2,6\"\/><\/svg><\/span><\/div><\/div><\/div><\/div><div class=\"kt-infobox-textcontent\"><h6 class=\"kt-blocks-info-box-title\">Sekretariat<\/h6><p class=\"kt-blocks-info-box-text\">+48 728 504 039<br><a href=\"mailto:dorota.bernacka@firmakosbud.pl\">dorota.bernacka@firmakosbud.pl<\/a><\/p><\/div><\/div><\/div>\n\n\n\n<div class=\"wp-block-kadence-infobox kt-info-box105_78af9e-31\"><div class=\"kt-blocks-info-box-link-wrap kt-blocks-info-box-media-align-top kt-info-halign-center\"><div class=\"kt-blocks-info-box-media-container\"><div class=\"kt-blocks-info-box-media kt-info-media-animate-none\"><div class=\"kadence-info-box-icon-container kt-info-icon-animate-none\"><div class=\"kadence-info-box-icon-inner-container\"><span class=\"kb-svg-icon-wrap kb-svg-icon-fe_mail kt-info-svg-icon\"><svg viewBox=\"0 0 24 24\"  fill=\"none\" stroke=\"currentColor\" stroke-width=\"2\" stroke-linecap=\"round\" stroke-linejoin=\"round\" xmlns=\"http:\/\/www.w3.org\/2000\/svg\"  aria-hidden=\"true\"><path d=\"M4 4h16c1.1 0 2 .9 2 2v12c0 1.1-.9 2-2 2H4c-1.1 0-2-.9-2-2V6c0-1.1.9-2 2-2z\"\/><polyline points=\"22,6 12,13 2,6\"\/><\/svg><\/span><\/div><\/div><\/div><\/div><div class=\"kt-infobox-textcontent\"><h6 class=\"kt-blocks-info-box-title\">Ksi\u0119gowo\u015b\u0107<\/h6><p class=\"kt-blocks-info-box-text\">+48 602 137 318<br><a href=\"mailto:biuro@firmakosbud.pl\">biuro@firmakosbud.pl<\/a><br>+48 604 844 702 Natalia Duda<br><a href=\"mailto:natalia.duda@firmakosbud.pl\">natalia.duda@firmakosbud.pl<\/a><\/p><\/div><\/div><\/div>\n<\/div><\/div>\n\n\n\n<div class=\"wp-block-kadence-column kadence-column105_6e468b-dd inner-column-3\"><div class=\"kt-inside-inner-col\">\n<div class=\"wp-block-kadence-infobox kt-info-box105_80645d-b3\"><div class=\"kt-blocks-info-box-link-wrap kt-blocks-info-box-media-align-top kt-info-halign-center\"><div class=\"kt-blocks-info-box-media-container\"><div class=\"kt-blocks-info-box-media kt-info-media-animate-none\"><div class=\"kadence-info-box-icon-container kt-info-icon-animate-none\"><div class=\"kadence-info-box-icon-inner-container\"><span class=\"kb-svg-icon-wrap kb-svg-icon-fe_phoneCall kt-info-svg-icon\"><svg viewBox=\"0 0 24 24\"  fill=\"none\" stroke=\"currentColor\" stroke-width=\"2\" stroke-linecap=\"round\" stroke-linejoin=\"round\" xmlns=\"http:\/\/www.w3.org\/2000\/svg\"  aria-hidden=\"true\"><path d=\"M15.05 5A5 5 0 0 1 19 8.95M15.05 1A9 9 0 0 1 23 8.94m-1 7.98v3a2 2 0 0 1-2.18 2 19.79 19.79 0 0 1-8.63-3.07 19.5 19.5 0 0 1-6-6 19.79 19.79 0 0 1-3.07-8.67A2 2 0 0 1 4.11 2h3a2 2 0 0 1 2 1.72 12.84 12.84 0 0 0 .7 2.81 2 2 0 0 1-.45 2.11L8.09 9.91a16 16 0 0 0 6 6l1.27-1.27a2 2 0 0 1 2.11-.45 12.84 12.84 0 0 0 2.81.7A2 2 0 0 1 22 16.92z\"\/><\/svg><\/span><\/div><\/div><\/div><\/div><div class=\"kt-infobox-textcontent\"><h6 class=\"kt-blocks-info-box-title\">Kontakt w j\u0119zyku Niemieckim<\/h6><p class=\"kt-blocks-info-box-text\">+48 668 954 762 Patryk Kosmowski<br><a href=\"mailto:p.kosmowski@firmakosbud.pl\">p.kosmowski@firmakosbud.pl<\/a><\/p><\/div><\/div><\/div>\n\n\n\n<div class=\"wp-block-kadence-infobox kt-info-box105_b5d4f2-dc\"><div class=\"kt-blocks-info-box-link-wrap kt-blocks-info-box-media-align-top kt-info-halign-center\"><div class=\"kt-blocks-info-box-media-container\"><div class=\"kt-blocks-info-box-media kt-info-media-animate-none\"><div class=\"kadence-info-box-icon-container kt-info-icon-animate-none\"><div class=\"kadence-info-box-icon-inner-container\"><span class=\"kb-svg-icon-wrap kb-svg-icon-fe_phoneCall kt-info-svg-icon\"><svg viewBox=\"0 0 24 24\"  fill=\"none\" stroke=\"currentColor\" stroke-width=\"2\" stroke-linecap=\"round\" stroke-linejoin=\"round\" xmlns=\"http:\/\/www.w3.org\/2000\/svg\"  aria-hidden=\"true\"><path d=\"M15.05 5A5 5 0 0 1 19 8.95M15.05 1A9 9 0 0 1 23 8.94m-1 7.98v3a2 2 0 0 1-2.18 2 19.79 19.79 0 0 1-8.63-3.07 19.5 19.5 0 0 1-6-6 19.79 19.79 0 0 1-3.07-8.67A2 2 0 0 1 4.11 2h3a2 2 0 0 1 2 1.72 12.84 12.84 0 0 0 .7 2.81 2 2 0 0 1-.45 2.11L8.09 9.91a16 16 0 0 0 6 6l1.27-1.27a2 2 0 0 1 2.11-.45 12.84 12.84 0 0 0 2.81.7A2 2 0 0 1 22 16.92z\"\/><\/svg><\/span><\/div><\/div><\/div><\/div><div class=\"kt-infobox-textcontent\"><h6 class=\"kt-blocks-info-box-title\">Kontakt w j\u0119zyku Niemieckim<\/h6><p class=\"kt-blocks-info-box-text\">+48 502 926 075 Joanna Borowska<br><a href=\"mailto:j.borowska@firmakosbud.pl\">j.borowska@firmakosbud.pl<\/a><\/p><\/div><\/div><\/div>\n<\/div><\/div>\n\n<\/div><\/div>\n\n<div class=\"kb-google-maps-container kb-google-maps-container105_9ed99e-98  wp-block-kadence-googlemaps\" data-mapid=\"105_9ed99e98\"><iframe width=\"100%\" height=\"100%\"\n\t\t\t\t\t\t\tstyle=\"border:0\" loading=\"lazy\"\n\t\t\t\t\t\t\tsrc=\"https:\/\/www.google.com\/maps\/embed\/v1\/place?key=AIzaSyBAM2o7PiQqwk15LC1XRH2e_KJ-jUa7KYk&#038;zoom=11&#038;maptype=roadmap&#038;q=Oborniki+KosBud\"\n\t\t\t\t\t\t\ttitle=\"Mapa Google Oborniki KosBud\"><\/iframe><\/div><script>function kb_google_map105_9ed99e98() { let center = { lat: 37.8201, lng: -122.4781}; let map = new google.maps.Map(document.getElementById(\"kb-google-map105_9ed99e98\"), {\n\t\t\t\t\t    zoom: 11,\n\t\t\t\t\t    center: center,});let marker = new google.maps.Marker({   position: { lat: 37.8201, lng: -122.4781},    map: map,  });}<\/script><\/div><\/div>\n\n<\/div><\/div>","protected":false},"excerpt":{"rendered":"","protected":false},"author":1,"featured_media":85,"parent":0,"menu_order":0,"comment_status":"closed","ping_status":"closed","template":"","meta":{"footnotes":""},"class_list":["post-105","page","type-page","status-publish","has-post-thumbnail","hentry"],"_links":{"self":[{"href":"http:\/\/firmakosbud.pl\/pl\/wp-json\/wp\/v2\/pages\/105","targetHints":{"allow":["GET"]}}],"collection":[{"href":"http:\/\/firmakosbud.pl\/pl\/wp-json\/wp\/v2\/pages"}],"about":[{"href":"http:\/\/firmakosbud.pl\/pl\/wp-json\/wp\/v2\/types\/page"}],"author":[{"embeddable":true,"href":"http:\/\/firmakosbud.pl\/pl\/wp-json\/wp\/v2\/users\/1"}],"replies":[{"embeddable":true,"href":"http:\/\/firmakosbud.pl\/pl\/wp-json\/wp\/v2\/comments?post=105"}],"version-history":[{"count":4,"href":"http:\/\/firmakosbud.pl\/pl\/wp-json\/wp\/v2\/pages\/105\/revisions"}],"predecessor-version":[{"id":274,"href":"http:\/\/firmakosbud.pl\/pl\/wp-json\/wp\/v2\/pages\/105\/revisions\/274"}],"wp:featuredmedia":[{"embeddable":true,"href":"http:\/\/firmakosbud.pl\/pl\/wp-json\/wp\/v2\/media\/85"}],"wp:attachment":[{"href":"http:\/\/firmakosbud.pl\/pl\/wp-json\/wp\/v2\/media?parent=105"}],"curies":[{"name":"wp","href":"https:\/\/api.w.org\/{rel}","templated":true}]}}