{"id":114,"date":"2025-07-21T22:09:11","date_gmt":"2025-07-21T20:09:11","guid":{"rendered":"http:\/\/new.firmakosbud.pl\/?page_id=114"},"modified":"2025-09-12T20:12:40","modified_gmt":"2025-09-12T18:12:40","slug":"o-firmie","status":"publish","type":"page","link":"http:\/\/firmakosbud.pl\/pl\/o-firmie\/","title":{"rendered":"O firmie"},"content":{"rendered":"<div class=\"kb-row-layout-wrap kb-row-layout-id114_140a8e-86 alignfull has-theme-palette8-background-color kt-row-has-bg wp-block-kadence-rowlayout\"><div class=\"kt-row-column-wrap kt-has-2-columns kt-row-layout-equal kt-tab-layout-row kt-mobile-layout-row kt-row-valign-middle\">\n\n<div class=\"wp-block-kadence-column kadence-column114_1c503d-98 inner-column-1\"><div class=\"kt-inside-inner-col\">\n<h6 class=\"kt-adv-heading114_512155-48 wp-block-kadence-advancedheading has-theme-palette-1-color has-text-color\" data-kb-block=\"kb-adv-heading114_512155-48\">WARTO NAM ZAUFA\u0106!<\/h6>\n\n\n\n<h2 class=\"kt-adv-heading114_40b4ff-58 wp-block-kadence-advancedheading\" data-kb-block=\"kb-adv-heading114_40b4ff-58\">\u201eNowoczesne mezaniny \u2013 wi\u0119cej przestrzeni, wi\u0119cej mo\u017cliwo\u015bci\u201d.\u00a0<\/h2>\n\n\n\n<pre class=\"wp-block-preformatted\">Specjalizujemy si\u0119 w tworzeniu nowoczesnych i funkcjonalnych przestrzeni, zaczynaj\u0105c od stawiania mezanin, kt\u00f3re pozwalaj\u0105 optymalnie wykorzysta\u0107 powierzchni\u0119 i nadaj\u0105 obiektom nowy wymiar. <\/pre>\n\n\n\n<h2 class=\"kt-adv-heading114_5a328b-6f wp-block-kadence-advancedheading\" data-kb-block=\"kb-adv-heading114_5a328b-6f\">\u201eGeneralne wykonawstwo i nowoczesne systemy oszcz\u0119dzania energii\u201d.\u00a0\u00a0<\/h2>\n\n\n\n<pre class=\"wp-block-preformatted\">Nasza oferta obejmuje tak\u017ce generalne wykonawstwo projektowo-budowlane, w tym kompleksow\u0105 termomodernizacj\u0119 budynk\u00f3w u\u017cyteczno\u015bci publicznej oraz wdra\u017canie innowacyjnych system\u00f3w Zarz\u0105dzania Energi\u0105, kt\u00f3re realnie obni\u017caj\u0105 koszty eksploatacji i poprawiaj\u0105 komfort u\u017cytkownik\u00f3w.<\/pre>\n\n\n\n<h2 class=\"kt-adv-heading114_697442-7c wp-block-kadence-advancedheading\" data-kb-block=\"kb-adv-heading114_697442-7c\">Adaptacje i rewitalizacje \u2013 nadajemy przestrzeniom nowe \u017cycie.\u00a0\u00a0<\/h2>\n\n\n\n<pre class=\"wp-block-preformatted\">Zajmujemy si\u0119 r\u00f3wnie\u017c adaptacjami i rewitalizacjami obiekt\u00f3w, przywracaj\u0105c im funkcjonalno\u015b\u0107, estetyk\u0119 i nowe \u017cycie. W ramach modernizacji i remont\u00f3w realizujemy prace wyko\u0144czeniowe - od precyzyjnego stawiania \u015bcianek dzia\u0142owych z p\u0142yt GK, przez zabudowy i sufity podwieszane, a\u017c po eleganckie detale, kt\u00f3re nadaj\u0105 wn\u0119trzom charakter i harmoni\u0119.<\/pre>\n<\/div><\/div>\n\n\n\n<div class=\"wp-block-kadence-column kadence-column114_ed9a4e-9e kb-section-dir-vertical inner-column-2\"><div class=\"kt-inside-inner-col\">\n<div class=\"wp-block-kadence-image kb-image114_4f3a38-35\"><figure class=\"aligncenter kb-image-is-ratio-size\"><div class=\"kb-is-ratio-image kb-image-ratio-square\"><img loading=\"lazy\" decoding=\"async\" width=\"1920\" height=\"1280\" src=\"http:\/\/new.firmakosbud.pl\/wp-content\/uploads\/2025\/07\/kosbud-siedziba-1.jpg\" alt=\"\" class=\"kb-img wp-image-85\" srcset=\"http:\/\/firmakosbud.pl\/wp-content\/uploads\/2025\/07\/kosbud-siedziba-1.jpg 1920w, http:\/\/firmakosbud.pl\/wp-content\/uploads\/2025\/07\/kosbud-siedziba-1-300x200.jpg 300w, http:\/\/firmakosbud.pl\/wp-content\/uploads\/2025\/07\/kosbud-siedziba-1-1024x683.jpg 1024w, http:\/\/firmakosbud.pl\/wp-content\/uploads\/2025\/07\/kosbud-siedziba-1-768x512.jpg 768w, http:\/\/firmakosbud.pl\/wp-content\/uploads\/2025\/07\/kosbud-siedziba-1-1536x1024.jpg 1536w, http:\/\/firmakosbud.pl\/wp-content\/uploads\/2025\/07\/kosbud-siedziba-1-18x12.jpg 18w\" sizes=\"auto, (max-width: 1920px) 100vw, 1920px\" \/><\/div><\/figure><\/div>\n<\/div><\/div>\n\n<\/div><\/div>\n\n\n<div class=\"wp-block-media-text is-stacked-on-mobile\"><figure class=\"wp-block-media-text__media\"><img loading=\"lazy\" decoding=\"async\" width=\"1024\" height=\"684\" src=\"http:\/\/new.firmakosbud.pl\/wp-content\/uploads\/2025\/07\/oqmzwnd3thu-helloquence-1024x684.jpg\" alt=\"\" class=\"wp-image-116 size-full\" srcset=\"http:\/\/firmakosbud.pl\/wp-content\/uploads\/2025\/07\/oqmzwnd3thu-helloquence-1024x684.jpg 1024w, http:\/\/firmakosbud.pl\/wp-content\/uploads\/2025\/07\/oqmzwnd3thu-helloquence-300x200.jpg 300w, http:\/\/firmakosbud.pl\/wp-content\/uploads\/2025\/07\/oqmzwnd3thu-helloquence-768x513.jpg 768w, http:\/\/firmakosbud.pl\/wp-content\/uploads\/2025\/07\/oqmzwnd3thu-helloquence-18x12.jpg 18w, http:\/\/firmakosbud.pl\/wp-content\/uploads\/2025\/07\/oqmzwnd3thu-helloquence.jpg 1104w\" sizes=\"auto, (max-width: 1024px) 100vw, 1024px\" \/><\/figure><div class=\"wp-block-media-text__content\">\n<h2 class=\"wp-block-heading\">Inwestujemy w przysz\u0142o\u015b\u0107, by tworzy\u0107 standardy jutra<\/h2>\n\n\n\n<pre class=\"wp-block-preformatted\">Odwa\u017cnie patrzymy w przysz\u0142o\u015b\u0107, dlatego nieustannie podnosimy nasze kompetencje i inwestujemy w najnowsze technologie, park maszynowy oraz infrastruktur\u0119. Dzi\u0119ki temu mo\u017cemy realizowa\u0107 projekty szybciej, sprawniej i w jako\u015bci, kt\u00f3ra wyznacza standardy na rynku. <\/pre>\n<\/div><\/div>\n\n\n\n<div class=\"wp-block-media-text has-media-on-the-right is-stacked-on-mobile\"><div class=\"wp-block-media-text__content\">\n<h2 class=\"wp-block-heading\"><strong>Wykwalifikowana kadra<\/strong><\/h2>\n\n\n\n<pre class=\"wp-block-preformatted\">Dzi\u0119ki po\u0142\u0105czeniu do\u015bwiadczenia in\u017cynierskiego, wiedzy technicznej i dba\u0142o\u015bci o detale, dostarczamy rozwi\u0105zania, kt\u00f3re s\u0105 jednocze\u015bnie energooszcz\u0119dne, trwa\u0142e i estetyczne. \u00a0<\/pre>\n<\/div><figure class=\"wp-block-media-text__media\"><img loading=\"lazy\" decoding=\"async\" width=\"640\" height=\"426\" src=\"http:\/\/new.firmakosbud.pl\/wp-content\/uploads\/2025\/07\/men-827301_640.jpg\" alt=\"\" class=\"wp-image-117 size-full\" srcset=\"http:\/\/firmakosbud.pl\/wp-content\/uploads\/2025\/07\/men-827301_640.jpg 640w, http:\/\/firmakosbud.pl\/wp-content\/uploads\/2025\/07\/men-827301_640-300x200.jpg 300w, http:\/\/firmakosbud.pl\/wp-content\/uploads\/2025\/07\/men-827301_640-18x12.jpg 18w\" sizes=\"auto, (max-width: 640px) 100vw, 640px\" \/><\/figure><\/div>\n\n\n\n<div class=\"wp-block-media-text is-stacked-on-mobile\"><figure class=\"wp-block-media-text__media\"><img loading=\"lazy\" decoding=\"async\" width=\"600\" height=\"600\" src=\"http:\/\/new.firmakosbud.pl\/wp-content\/uploads\/2025\/07\/obsluga1.png\" alt=\"\" class=\"wp-image-118 size-full\" srcset=\"http:\/\/firmakosbud.pl\/wp-content\/uploads\/2025\/07\/obsluga1.png 600w, http:\/\/firmakosbud.pl\/wp-content\/uploads\/2025\/07\/obsluga1-300x300.png 300w, http:\/\/firmakosbud.pl\/wp-content\/uploads\/2025\/07\/obsluga1-150x150.png 150w, http:\/\/firmakosbud.pl\/wp-content\/uploads\/2025\/07\/obsluga1-12x12.png 12w\" sizes=\"auto, (max-width: 600px) 100vw, 600px\" \/><\/figure><div class=\"wp-block-media-text__content\">\n<h2 class=\"wp-block-heading\"><strong>Zaufany partner w Polsce i za granic\u0105<\/strong><\/h2>\n\n\n\n<pre class=\"wp-block-preformatted\">PZaufanie klient\u00f3w zdobyli\u015bmy ju\u017c w ca\u0142ej Polsce, a od ponad pi\u0119ciu lat z sukcesem rozwijamy dzia\u0142alno\u015b\u0107 tak\u017ce w Niemczech, gdzie nasze realizacje i kolejne referencje buduj\u0105 mark\u0119 solidnego i nowoczesnego partnera. Nasz\u0105 wizyt\u00f3wk\u0105 jest profesjonalizm, terminowo\u015b\u0107 i najwy\u017csza jako\u015b\u0107 wykonania \u2013 warto\u015bci, kt\u00f3re sprawiaj\u0105, \u017ce coraz cz\u0119\u015bciej jeste\u015bmy wybierani nie tylko jako wykonawca, ale tak\u017ce jako partner w rozwoju inwestycji.     <\/pre>\n<\/div><\/div>\n\n\n\n<div class=\"wp-block-media-text has-media-on-the-right is-stacked-on-mobile\" style=\"padding-top:0;padding-bottom:0\"><div class=\"wp-block-media-text__content\">\n<h2 class=\"wp-block-heading\"><strong>Rodzinna firma, kt\u00f3r\u0105 tworz\u0105 ludzie z pasj\u0105 i do\u015bwiadczeniem<\/strong><\/h2>\n\n\n\n<pre class=\"wp-block-preformatted\">Nasza firma powsta\u0142a w 2007 roku i od pocz\u0105tku pozostaje przedsi\u0119biorstwem rodzinnym. Niezmiennie wierzymy, \u017ce to ludzie s\u0105 najwi\u0119ksz\u0105 warto\u015bci\u0105, dlatego konsekwentnie inwestujemy w rozw\u00f3j naszego zespo\u0142u, wspieraj\u0105c podnoszenie kwalifikacji i zdobywanie nowych do\u015bwiadcze\u0144. Dzi\u015b tworzy go ju\u017c ponad 40 wykwalifikowanych specjalist\u00f3w, kt\u00f3rych zaanga\u017cowanie i profesjonalizm s\u0105 fundamentem naszego sukcesu. <br>\u00a0<\/pre>\n<\/div><figure class=\"wp-block-media-text__media\"><img loading=\"lazy\" decoding=\"async\" width=\"1024\" height=\"683\" src=\"http:\/\/new.firmakosbud.pl\/wp-content\/uploads\/2025\/07\/kosbud-siedziba-1024x683.jpg\" alt=\"\" class=\"wp-image-80 size-full\" srcset=\"http:\/\/firmakosbud.pl\/wp-content\/uploads\/2025\/07\/kosbud-siedziba-1024x683.jpg 1024w, http:\/\/firmakosbud.pl\/wp-content\/uploads\/2025\/07\/kosbud-siedziba-300x200.jpg 300w, http:\/\/firmakosbud.pl\/wp-content\/uploads\/2025\/07\/kosbud-siedziba-768x512.jpg 768w, http:\/\/firmakosbud.pl\/wp-content\/uploads\/2025\/07\/kosbud-siedziba-1536x1024.jpg 1536w, http:\/\/firmakosbud.pl\/wp-content\/uploads\/2025\/07\/kosbud-siedziba-18x12.jpg 18w, http:\/\/firmakosbud.pl\/wp-content\/uploads\/2025\/07\/kosbud-siedziba.jpg 1920w\" sizes=\"auto, (max-width: 1024px) 100vw, 1024px\" \/><\/figure><\/div>\n","protected":false},"excerpt":{"rendered":"<p>WARTO NAM ZAUFA\u0106! \u201eNowoczesne mezaniny \u2013 wi\u0119cej przestrzeni, wi\u0119cej mo\u017cliwo\u015bci\u201d.\u00a0 Specjalizujemy si\u0119 w tworzeniu nowoczesnych i funkcjonalnych przestrzeni, zaczynaj\u0105c od stawiania mezanin, kt\u00f3re pozwalaj\u0105 optymalnie wykorzysta\u0107 powierzchni\u0119 i nadaj\u0105 obiektom nowy wymiar. \u201eGeneralne wykonawstwo i nowoczesne systemy oszcz\u0119dzania energii\u201d.\u00a0\u00a0 Nasza oferta obejmuje tak\u017ce generalne wykonawstwo projektowo-budowlane, w tym kompleksow\u0105 termomodernizacj\u0119 budynk\u00f3w u\u017cyteczno\u015bci publicznej oraz wdra\u017canie&hellip;<\/p>\n","protected":false},"author":1,"featured_media":0,"parent":0,"menu_order":0,"comment_status":"closed","ping_status":"closed","template":"","meta":{"footnotes":""},"class_list":["post-114","page","type-page","status-publish","hentry"],"_links":{"self":[{"href":"http:\/\/firmakosbud.pl\/pl\/wp-json\/wp\/v2\/pages\/114","targetHints":{"allow":["GET"]}}],"collection":[{"href":"http:\/\/firmakosbud.pl\/pl\/wp-json\/wp\/v2\/pages"}],"about":[{"href":"http:\/\/firmakosbud.pl\/pl\/wp-json\/wp\/v2\/types\/page"}],"author":[{"embeddable":true,"href":"http:\/\/firmakosbud.pl\/pl\/wp-json\/wp\/v2\/users\/1"}],"replies":[{"embeddable":true,"href":"http:\/\/firmakosbud.pl\/pl\/wp-json\/wp\/v2\/comments?post=114"}],"version-history":[{"count":6,"href":"http:\/\/firmakosbud.pl\/pl\/wp-json\/wp\/v2\/pages\/114\/revisions"}],"predecessor-version":[{"id":272,"href":"http:\/\/firmakosbud.pl\/pl\/wp-json\/wp\/v2\/pages\/114\/revisions\/272"}],"wp:attachment":[{"href":"http:\/\/firmakosbud.pl\/pl\/wp-json\/wp\/v2\/media?parent=114"}],"curies":[{"name":"wp","href":"https:\/\/api.w.org\/{rel}","templated":true}]}}